{"id":50,"date":"2024-01-03T15:41:10","date_gmt":"2024-01-03T15:41:10","guid":{"rendered":"https:\/\/happy-tourist.it\/blog2\/home\/"},"modified":"2024-02-29T10:27:36","modified_gmt":"2024-02-29T10:27:36","slug":"home","status":"publish","type":"page","link":"https:\/\/happy-tourist.it\/blog2\/","title":{"rendered":"Home"},"content":{"rendered":"\t\t<div data-elementor-type=\"wp-page\" data-elementor-id=\"50\" class=\"elementor elementor-50\">\n\t\t\t\t<div class=\"elementor-element elementor-element-d5cfde3 e-flex e-con-boxed e-con e-parent\" data-id=\"d5cfde3\" data-element_type=\"container\" data-e-type=\"container\" data-settings=\"{&quot;background_background&quot;:&quot;classic&quot;}\">\n\t\t\t\t\t<div class=\"e-con-inner\">\n\t\t\t\t<div class=\"elementor-element elementor-element-3ecd55be elementor-invisible elementor-widget elementor-widget-heading\" data-id=\"3ecd55be\" data-element_type=\"widget\" data-e-type=\"widget\" data-settings=\"{&quot;_animation&quot;:&quot;fadeIn&quot;}\" data-widget_type=\"heading.default\">\n\t\t\t\t<div class=\"elementor-widget-container\">\n\t\t\t\t\t<h1 class=\"elementor-heading-title elementor-size-default\">Benvenuti nel blog Happy Tourist<\/h1>\t\t\t\t<\/div>\n\t\t\t\t<\/div>\n\t\t\t\t<div class=\"elementor-element elementor-element-32b3f1bc elementor-invisible elementor-widget elementor-widget-heading\" data-id=\"32b3f1bc\" data-element_type=\"widget\" data-e-type=\"widget\" data-settings=\"{&quot;_animation&quot;:&quot;fadeIn&quot;}\" data-widget_type=\"heading.default\">\n\t\t\t\t<div class=\"elementor-widget-container\">\n\t\t\t\t\t<h5 class=\"elementor-heading-title elementor-size-default\">In questo blog troverai importanti consigli sull'Isola d'Elba.<\/h5>\t\t\t\t<\/div>\n\t\t\t\t<\/div>\n\t\t\t\t\t<\/div>\n\t\t\t\t<\/div>\n\t\t<div class=\"elementor-element elementor-element-4278708 e-flex e-con-boxed e-con e-parent\" data-id=\"4278708\" data-element_type=\"container\" data-e-type=\"container\">\n\t\t\t\t\t<div class=\"e-con-inner\">\n\t\t\t\t<div class=\"elementor-element elementor-element-30e5297 elementor-widget elementor-widget-heading\" data-id=\"30e5297\" data-element_type=\"widget\" data-e-type=\"widget\" data-widget_type=\"heading.default\">\n\t\t\t\t<div class=\"elementor-widget-container\">\n\t\t\t\t\t<h2 class=\"elementor-heading-title elementor-size-default\">Ultimi post<\/h2>\t\t\t\t<\/div>\n\t\t\t\t<\/div>\n\t\t\t\t<div class=\"elementor-element elementor-element-5192bcc premium-blog-align-left elementor-widget elementor-widget-premium-addon-blog\" data-id=\"5192bcc\" data-element_type=\"widget\" data-e-type=\"widget\" data-settings=\"{&quot;premium_blog_columns_number&quot;:&quot;33.33%&quot;,&quot;premium_blog_grid&quot;:&quot;yes&quot;,&quot;premium_blog_layout&quot;:&quot;even&quot;,&quot;premium_blog_columns_number_tablet&quot;:&quot;50%&quot;,&quot;premium_blog_columns_number_mobile&quot;:&quot;100%&quot;,&quot;scroll_to_offset&quot;:&quot;yes&quot;}\" data-widget_type=\"premium-addon-blog.default\">\n\t\t\t\t<div class=\"elementor-widget-container\">\n\t\t\t\t\t\n\t\t\n\n\t\t\t\t<div class=\"premium-blog-wrap  premium-blog-even\" data-page=\"50\" data-pagination=\"true\">\n\t\t\t\t\t\t\t\t\t<div class=\"premium-blog-post-outer-container\" data-total=\"5\">\n\t\t\t<div class=\"premium-blog-post-container premium-blog-skin-cards\">\n\t\t\t\t\t\t\t\t\t<div class=\"premium-blog-thumb-effect-wrapper\">\n\t\t\t\t\t\t<div class=\"premium-blog-thumbnail-container premium-blog-zoomin-effect\">\n\t\t\t\t\t\t\t\t\t\t\t<a href=\"https:\/\/happy-tourist.it\/blog2\/porto-azzurro-il-rifugio-perfetto-per-il-tuo-prossimo-weekend-allisola-delba\/\" target=\"_blank\">\n\t\t\t\t<img fetchpriority=\"high\" decoding=\"async\" width=\"1000\" height=\"500\" src=\"https:\/\/happy-tourist.it\/blog2\/wp-content\/uploads\/2024\/09\/portoazzurro-elba.png\" class=\"attachment-full size-full wp-image-534\" alt=\"\" srcset=\"https:\/\/happy-tourist.it\/blog2\/wp-content\/uploads\/2024\/09\/portoazzurro-elba.png 1000w, https:\/\/happy-tourist.it\/blog2\/wp-content\/uploads\/2024\/09\/portoazzurro-elba-300x150.png 300w, https:\/\/happy-tourist.it\/blog2\/wp-content\/uploads\/2024\/09\/portoazzurro-elba-768x384.png 768w\" sizes=\"(max-width: 1000px) 100vw, 1000px\" \/>\t\t\t\t<\/a>\n\t\t\t\t\t\t\t\t\t\t<\/div>\n\t\t\t\t\t\t\t\t\t\t\t\t\t<div class=\"premium-blog-effect-container premium-blog-diagonal-effect\">\n\t\t\t\t\t\t\t\t<a class=\"premium-blog-post-link\" href=\"https:\/\/happy-tourist.it\/blog2\/porto-azzurro-il-rifugio-perfetto-per-il-tuo-prossimo-weekend-allisola-delba\/\" target=\"_blank\"><span>Porto Azzurro: Il Rifugio Perfetto per il Tuo Prossimo Weekend all&#8217;Isola d&#8217;Elba<\/span><\/a>\n\t\t\t\t\t\t\t\t\t\t\t\t\t\t\t<\/div>\n\t\t\t\t\t\t\t\t\t\t\t<\/div>\n\t\t\t\t\t\t\t\t\t\t\t\t\t\t\t\t\t\t\t\t\t<div class=\"premium-blog-content-wrapper \">\n\n\t\t\t\t\t<div class=\"premium-blog-inner-container\">\n\n\t\t\t\t\t\t\t\t\t\t\t\t\t\t<h6 class=\"premium-blog-entry-title\">\n\t\t\t<a href=\"https:\/\/happy-tourist.it\/blog2\/porto-azzurro-il-rifugio-perfetto-per-il-tuo-prossimo-weekend-allisola-delba\/\" target=\"_blank\">\n\t\t\t\tPorto Azzurro: Il Rifugio Perfetto per il Tuo Prossimo Weekend all&#8217;Isola d&#8217;Elba\t\t\t<\/a>\n\t\t<\/h6>\n\t\t\n\t\t\t\t\t<\/div>\n\n\t\t\t\t\t\t\t<div class=\"premium-blog-content-inner-wrapper\">\n\t\t<p class=\"premium-blog-post-content\">Se stai cercando una destinazione da sogno per trascorrere il tuo prossimo weekend o le vacanze, Porto Azzurro, situato sulla splendida Isola d\u2019Elba, potrebbe essere proprio il luogo che fa per te. Questo pittoresco borgo costiero, con le sue spiagge incantevoli, la sua ricca storia e l&#8217;atmosfera tranquilla, offre un \u2026<\/p>\t\t<\/div>\n\t\t\t\t<div class=\"premium-blog-entry-meta\">\n\t\t\t\n\t\t\t\n\t\t\t\n\t\t\t\t\t<\/div>\n\t\t\t\t\t\t\t\n\t\t\t\t<\/div>\n\t\t\t<\/div>\n\t\t<\/div>\n\n\t\t\t\t<div class=\"premium-blog-post-outer-container\" data-total=\"5\">\n\t\t\t<div class=\"premium-blog-post-container premium-blog-skin-cards\">\n\t\t\t\t\t\t\t\t\t<div class=\"premium-blog-thumb-effect-wrapper\">\n\t\t\t\t\t\t<div class=\"premium-blog-thumbnail-container premium-blog-zoomin-effect\">\n\t\t\t\t\t\t\t\t\t\t\t<a href=\"https:\/\/happy-tourist.it\/blog2\/marina-di-campo-la-spiaggia-piu-lunga-dellelba\/\" target=\"_blank\">\n\t\t\t\t<img decoding=\"async\" width=\"1000\" height=\"500\" src=\"https:\/\/happy-tourist.it\/blog2\/wp-content\/uploads\/2024\/09\/spiaggia-di-marina-di-campo-elba.png\" class=\"attachment-full size-full wp-image-528\" alt=\"\" srcset=\"https:\/\/happy-tourist.it\/blog2\/wp-content\/uploads\/2024\/09\/spiaggia-di-marina-di-campo-elba.png 1000w, https:\/\/happy-tourist.it\/blog2\/wp-content\/uploads\/2024\/09\/spiaggia-di-marina-di-campo-elba-300x150.png 300w, https:\/\/happy-tourist.it\/blog2\/wp-content\/uploads\/2024\/09\/spiaggia-di-marina-di-campo-elba-768x384.png 768w\" sizes=\"(max-width: 1000px) 100vw, 1000px\" \/>\t\t\t\t<\/a>\n\t\t\t\t\t\t\t\t\t\t<\/div>\n\t\t\t\t\t\t\t\t\t\t\t\t\t<div class=\"premium-blog-effect-container premium-blog-diagonal-effect\">\n\t\t\t\t\t\t\t\t<a class=\"premium-blog-post-link\" href=\"https:\/\/happy-tourist.it\/blog2\/marina-di-campo-la-spiaggia-piu-lunga-dellelba\/\" target=\"_blank\"><span>Marina di Campo: La Spiaggia pi\u00f9 Lunga dell\u2019Elba<\/span><\/a>\n\t\t\t\t\t\t\t\t\t\t\t\t\t\t\t<\/div>\n\t\t\t\t\t\t\t\t\t\t\t<\/div>\n\t\t\t\t\t\t\t\t\t\t\t\t\t\t\t\t\t\t\t\t\t<div class=\"premium-blog-content-wrapper \">\n\n\t\t\t\t\t<div class=\"premium-blog-inner-container\">\n\n\t\t\t\t\t\t\t\t\t\t\t\t\t\t<h6 class=\"premium-blog-entry-title\">\n\t\t\t<a href=\"https:\/\/happy-tourist.it\/blog2\/marina-di-campo-la-spiaggia-piu-lunga-dellelba\/\" target=\"_blank\">\n\t\t\t\tMarina di Campo: La Spiaggia pi\u00f9 Lunga dell\u2019Elba\t\t\t<\/a>\n\t\t<\/h6>\n\t\t\n\t\t\t\t\t<\/div>\n\n\t\t\t\t\t\t\t<div class=\"premium-blog-content-inner-wrapper\">\n\t\t<p class=\"premium-blog-post-content\">Se stai cercando una destinazione che unisca relax, bellezza naturale e un\u2019atmosfera vibrante, Marina di Campo all&#8217;Isola d&#8217;Elba \u00e8 il luogo perfetto. Questo vivace borgo marinaro, situato nella parte sud-occidentale dell\u2019isola, offre una combinazione unica di una spiaggia spettacolare, attivit\u00e0 all\u2019aria aperta e un ricco patrimonio culturale. Con la sua \u2026<\/p>\t\t<\/div>\n\t\t\t\t<div class=\"premium-blog-entry-meta\">\n\t\t\t\n\t\t\t\n\t\t\t\n\t\t\t\t\t<\/div>\n\t\t\t\t\t\t\t\n\t\t\t\t<\/div>\n\t\t\t<\/div>\n\t\t<\/div>\n\n\t\t\t\t<div class=\"premium-blog-post-outer-container\" data-total=\"5\">\n\t\t\t<div class=\"premium-blog-post-container premium-blog-skin-cards\">\n\t\t\t\t\t\t\t\t\t<div class=\"premium-blog-thumb-effect-wrapper\">\n\t\t\t\t\t\t<div class=\"premium-blog-thumbnail-container premium-blog-zoomin-effect\">\n\t\t\t\t\t\t\t\t\t\t\t<a href=\"https:\/\/happy-tourist.it\/blog2\/marciana-marina-un-angolo-di-pace-e-bellezza-sullisola-delba\/\" target=\"_blank\">\n\t\t\t\t<img decoding=\"async\" width=\"1000\" height=\"500\" src=\"https:\/\/happy-tourist.it\/blog2\/wp-content\/uploads\/2024\/09\/marciana-marina.png\" class=\"attachment-full size-full wp-image-520\" alt=\"\" srcset=\"https:\/\/happy-tourist.it\/blog2\/wp-content\/uploads\/2024\/09\/marciana-marina.png 1000w, https:\/\/happy-tourist.it\/blog2\/wp-content\/uploads\/2024\/09\/marciana-marina-300x150.png 300w, https:\/\/happy-tourist.it\/blog2\/wp-content\/uploads\/2024\/09\/marciana-marina-768x384.png 768w\" sizes=\"(max-width: 1000px) 100vw, 1000px\" \/>\t\t\t\t<\/a>\n\t\t\t\t\t\t\t\t\t\t<\/div>\n\t\t\t\t\t\t\t\t\t\t\t\t\t<div class=\"premium-blog-effect-container premium-blog-diagonal-effect\">\n\t\t\t\t\t\t\t\t<a class=\"premium-blog-post-link\" href=\"https:\/\/happy-tourist.it\/blog2\/marciana-marina-un-angolo-di-pace-e-bellezza-sullisola-delba\/\" target=\"_blank\"><span>Marciana Marina: Un Angolo di Pace e Bellezza sull\u2019Isola d\u2019Elba<\/span><\/a>\n\t\t\t\t\t\t\t\t\t\t\t\t\t\t\t<\/div>\n\t\t\t\t\t\t\t\t\t\t\t<\/div>\n\t\t\t\t\t\t\t\t\t\t\t\t\t\t\t\t\t\t\t\t\t<div class=\"premium-blog-content-wrapper \">\n\n\t\t\t\t\t<div class=\"premium-blog-inner-container\">\n\n\t\t\t\t\t\t\t\t\t\t\t\t\t\t<h6 class=\"premium-blog-entry-title\">\n\t\t\t<a href=\"https:\/\/happy-tourist.it\/blog2\/marciana-marina-un-angolo-di-pace-e-bellezza-sullisola-delba\/\" target=\"_blank\">\n\t\t\t\tMarciana Marina: Un Angolo di Pace e Bellezza sull\u2019Isola d\u2019Elba\t\t\t<\/a>\n\t\t<\/h6>\n\t\t\n\t\t\t\t\t<\/div>\n\n\t\t\t\t\t\t\t<div class=\"premium-blog-content-inner-wrapper\">\n\t\t<p class=\"premium-blog-post-content\">Se il tuo ideale di vacanza \u00e8 un borgo tranquillo affacciato sul mare, con vicoli stretti e un&#8217;atmosfera rilassante, Marciana Marina \u00e8 la destinazione perfetta per te. Questo piccolo gioiello situato sulla costa settentrionale dell&#8217;Isola d&#8217;Elba offre una combinazione unica di paesaggi mozzafiato, storia antica e una vita locale autentica. \u2026<\/p>\t\t<\/div>\n\t\t\t\t<div class=\"premium-blog-entry-meta\">\n\t\t\t\n\t\t\t\n\t\t\t\n\t\t\t\t\t<\/div>\n\t\t\t\t\t\t\t\n\t\t\t\t<\/div>\n\t\t\t<\/div>\n\t\t<\/div>\n\n\t\t\t\t<div class=\"premium-blog-post-outer-container\" data-total=\"5\">\n\t\t\t<div class=\"premium-blog-post-container premium-blog-skin-cards\">\n\t\t\t\t\t\t\t\t\t<div class=\"premium-blog-thumb-effect-wrapper\">\n\t\t\t\t\t\t<div class=\"premium-blog-thumbnail-container premium-blog-zoomin-effect\">\n\t\t\t\t\t\t\t\t\t\t\t<a href=\"https:\/\/happy-tourist.it\/blog2\/isola-delba-diario-di-un-viaggiatore\/\" target=\"_blank\">\n\t\t\t\t<img loading=\"lazy\" decoding=\"async\" width=\"1000\" height=\"500\" src=\"https:\/\/happy-tourist.it\/blog2\/wp-content\/uploads\/2024\/08\/elba.png\" class=\"attachment-full size-full wp-image-511\" alt=\"\" srcset=\"https:\/\/happy-tourist.it\/blog2\/wp-content\/uploads\/2024\/08\/elba.png 1000w, https:\/\/happy-tourist.it\/blog2\/wp-content\/uploads\/2024\/08\/elba-300x150.png 300w, https:\/\/happy-tourist.it\/blog2\/wp-content\/uploads\/2024\/08\/elba-768x384.png 768w\" sizes=\"(max-width: 1000px) 100vw, 1000px\" \/>\t\t\t\t<\/a>\n\t\t\t\t\t\t\t\t\t\t<\/div>\n\t\t\t\t\t\t\t\t\t\t\t\t\t<div class=\"premium-blog-effect-container premium-blog-diagonal-effect\">\n\t\t\t\t\t\t\t\t<a class=\"premium-blog-post-link\" href=\"https:\/\/happy-tourist.it\/blog2\/isola-delba-diario-di-un-viaggiatore\/\" target=\"_blank\"><span>Isola d&#8217;Elba: diario di un viaggiatore<\/span><\/a>\n\t\t\t\t\t\t\t\t\t\t\t\t\t\t\t<\/div>\n\t\t\t\t\t\t\t\t\t\t\t<\/div>\n\t\t\t\t\t\t\t\t\t\t\t\t\t\t\t\t\t\t\t\t\t<div class=\"premium-blog-content-wrapper \">\n\n\t\t\t\t\t<div class=\"premium-blog-inner-container\">\n\n\t\t\t\t\t\t\t\t\t\t\t\t\t\t<h6 class=\"premium-blog-entry-title\">\n\t\t\t<a href=\"https:\/\/happy-tourist.it\/blog2\/isola-delba-diario-di-un-viaggiatore\/\" target=\"_blank\">\n\t\t\t\tIsola d&#8217;Elba: diario di un viaggiatore\t\t\t<\/a>\n\t\t<\/h6>\n\t\t\n\t\t\t\t\t<\/div>\n\n\t\t\t\t\t\t\t<div class=\"premium-blog-content-inner-wrapper\">\n\t\t<p class=\"premium-blog-post-content\">Immaginate un luogo dove il mare \u00e8 cos\u00ec limpido da sembrare un cristallo e le colline sono di un verde cos\u00ec intenso da\u00a0 sembrare quasi irreale. Questa \u00e8 l&#8217;isola d&#8217;Elba: un piccolo paradiso nel Mediterraneo che vi ruber\u00e0 il cuore al primo sguardo. L&#8217;isola d\u2019Elba, per\u00f2, non \u00e8 solo bellezza \u2026<\/p>\t\t<\/div>\n\t\t\t\t<div class=\"premium-blog-entry-meta\">\n\t\t\t\n\t\t\t\n\t\t\t\n\t\t\t\t\t<\/div>\n\t\t\t\t\t\t\t\n\t\t\t\t<\/div>\n\t\t\t<\/div>\n\t\t<\/div>\n\n\t\t\t\t<div class=\"premium-blog-post-outer-container\" data-total=\"5\">\n\t\t\t<div class=\"premium-blog-post-container premium-blog-skin-cards\">\n\t\t\t\t\t\t\t\t\t<div class=\"premium-blog-thumb-effect-wrapper\">\n\t\t\t\t\t\t<div class=\"premium-blog-thumbnail-container premium-blog-zoomin-effect\">\n\t\t\t\t\t\t\t\t\t\t\t<a href=\"https:\/\/happy-tourist.it\/blog2\/trekking-allisola-delba-alla-scoperta-di-una-natura-incontaminata\/\" target=\"_blank\">\n\t\t\t\t<img loading=\"lazy\" decoding=\"async\" width=\"1000\" height=\"500\" src=\"https:\/\/happy-tourist.it\/blog2\/wp-content\/uploads\/2024\/08\/trekking-all-Isola-d-elba-1.png\" class=\"attachment-full size-full wp-image-505\" alt=\"\" srcset=\"https:\/\/happy-tourist.it\/blog2\/wp-content\/uploads\/2024\/08\/trekking-all-Isola-d-elba-1.png 1000w, https:\/\/happy-tourist.it\/blog2\/wp-content\/uploads\/2024\/08\/trekking-all-Isola-d-elba-1-300x150.png 300w, https:\/\/happy-tourist.it\/blog2\/wp-content\/uploads\/2024\/08\/trekking-all-Isola-d-elba-1-768x384.png 768w\" sizes=\"(max-width: 1000px) 100vw, 1000px\" \/>\t\t\t\t<\/a>\n\t\t\t\t\t\t\t\t\t\t<\/div>\n\t\t\t\t\t\t\t\t\t\t\t\t\t<div class=\"premium-blog-effect-container premium-blog-diagonal-effect\">\n\t\t\t\t\t\t\t\t<a class=\"premium-blog-post-link\" href=\"https:\/\/happy-tourist.it\/blog2\/trekking-allisola-delba-alla-scoperta-di-una-natura-incontaminata\/\" target=\"_blank\"><span>Trekking all&#8217;Isola d&#8217;Elba: alla scoperta di una natura incontaminata<\/span><\/a>\n\t\t\t\t\t\t\t\t\t\t\t\t\t\t\t<\/div>\n\t\t\t\t\t\t\t\t\t\t\t<\/div>\n\t\t\t\t\t\t\t\t\t\t\t\t\t\t\t\t\t\t\t\t\t<div class=\"premium-blog-content-wrapper \">\n\n\t\t\t\t\t<div class=\"premium-blog-inner-container\">\n\n\t\t\t\t\t\t\t\t\t\t\t\t\t\t<h6 class=\"premium-blog-entry-title\">\n\t\t\t<a href=\"https:\/\/happy-tourist.it\/blog2\/trekking-allisola-delba-alla-scoperta-di-una-natura-incontaminata\/\" target=\"_blank\">\n\t\t\t\tTrekking all&#8217;Isola d&#8217;Elba: alla scoperta di una natura incontaminata\t\t\t<\/a>\n\t\t<\/h6>\n\t\t\n\t\t\t\t\t<\/div>\n\n\t\t\t\t\t\t\t<div class=\"premium-blog-content-inner-wrapper\">\n\t\t<p class=\"premium-blog-post-content\">L&#8217;isola d&#8217;Elba, perla del Mar Tirreno, non \u00e8 solo sinonimo di spiagge dorate e acque cristalline, ma anche di avventure indimenticabili immerse in una natura unica e incontaminata. Se sei un appassionato di trekking, preparati a scoprire straordinari percorsi che ti porteranno attraverso paesaggi selvaggi, boschi profumati e panorami spettacolari. \u2026<\/p>\t\t<\/div>\n\t\t\t\t<div class=\"premium-blog-entry-meta\">\n\t\t\t\n\t\t\t\n\t\t\t\n\t\t\t\t\t<\/div>\n\t\t\t\t\t\t\t\n\t\t\t\t<\/div>\n\t\t\t<\/div>\n\t\t<\/div>\n\n\t\t\t\t<div class=\"premium-blog-post-outer-container\" data-total=\"5\">\n\t\t\t<div class=\"premium-blog-post-container premium-blog-skin-cards\">\n\t\t\t\t\t\t\t\t\t<div class=\"premium-blog-thumb-effect-wrapper\">\n\t\t\t\t\t\t<div class=\"premium-blog-thumbnail-container premium-blog-zoomin-effect\">\n\t\t\t\t\t\t\t\t\t\t\t<a href=\"https:\/\/happy-tourist.it\/blog2\/isola-delba-scopri-la-natura-in-famiglia\/\" target=\"_blank\">\n\t\t\t\t<img loading=\"lazy\" decoding=\"async\" width=\"1000\" height=\"500\" src=\"https:\/\/happy-tourist.it\/blog2\/wp-content\/uploads\/2024\/08\/trekking-in-famiglia.png\" class=\"attachment-full size-full wp-image-498\" alt=\"\" srcset=\"https:\/\/happy-tourist.it\/blog2\/wp-content\/uploads\/2024\/08\/trekking-in-famiglia.png 1000w, https:\/\/happy-tourist.it\/blog2\/wp-content\/uploads\/2024\/08\/trekking-in-famiglia-300x150.png 300w, https:\/\/happy-tourist.it\/blog2\/wp-content\/uploads\/2024\/08\/trekking-in-famiglia-768x384.png 768w\" sizes=\"(max-width: 1000px) 100vw, 1000px\" \/>\t\t\t\t<\/a>\n\t\t\t\t\t\t\t\t\t\t<\/div>\n\t\t\t\t\t\t\t\t\t\t\t\t\t<div class=\"premium-blog-effect-container premium-blog-diagonal-effect\">\n\t\t\t\t\t\t\t\t<a class=\"premium-blog-post-link\" href=\"https:\/\/happy-tourist.it\/blog2\/isola-delba-scopri-la-natura-in-famiglia\/\" target=\"_blank\"><span>Isola d&#8217;Elba: scopri la natura in famiglia<\/span><\/a>\n\t\t\t\t\t\t\t\t\t\t\t\t\t\t\t<\/div>\n\t\t\t\t\t\t\t\t\t\t\t<\/div>\n\t\t\t\t\t\t\t\t\t\t\t\t\t\t\t\t\t\t\t\t\t<div class=\"premium-blog-content-wrapper \">\n\n\t\t\t\t\t<div class=\"premium-blog-inner-container\">\n\n\t\t\t\t\t\t\t\t\t\t\t\t\t\t<h6 class=\"premium-blog-entry-title\">\n\t\t\t<a href=\"https:\/\/happy-tourist.it\/blog2\/isola-delba-scopri-la-natura-in-famiglia\/\" target=\"_blank\">\n\t\t\t\tIsola d&#8217;Elba: scopri la natura in famiglia\t\t\t<\/a>\n\t\t<\/h6>\n\t\t\n\t\t\t\t\t<\/div>\n\n\t\t\t\t\t\t\t<div class=\"premium-blog-content-inner-wrapper\">\n\t\t<p class=\"premium-blog-post-content\">L&#8217;isola d&#8217;Elba \u00e8 una destinazione perfetta per le famiglie che desiderano vivere avventure all&#8217;aria aperta e scoprire insieme le sue bellezze naturalistiche. Con i suoi sentieri ben segnalati ed adatti a tutti i livelli, l&#8217;Elba offre numerose opportunit\u00e0 per escursioni piacevoli e sicure, ideali per grandi e piccini. Che si \u2026<\/p>\t\t<\/div>\n\t\t\t\t<div class=\"premium-blog-entry-meta\">\n\t\t\t\n\t\t\t\n\t\t\t\n\t\t\t\t\t<\/div>\n\t\t\t\t\t\t\t\n\t\t\t\t<\/div>\n\t\t\t<\/div>\n\t\t<\/div>\n\n\t\t\t\t\t\t\t<\/div>\n\n\t\t\t\t\t<div class=\"premium-blog-footer\">\n\t\t\t\t\t\t\t<nav class=\"premium-blog-pagination-container\" role=\"navigation\" aria-label=\"Pagina\u00e7\u00e3o\">\n\t\t\t\t<span aria-current=\"page\" class=\"page-numbers current\">1<\/span>\n<a class=\"page-numbers\" href=\"https:\/\/happy-tourist.it\/blog2\/wp-json\/wp\/v2\/pages\/50\/page\/2\/\">2<\/a>\n<a class=\"page-numbers\" href=\"https:\/\/happy-tourist.it\/blog2\/wp-json\/wp\/v2\/pages\/50\/page\/3\/\">3<\/a>\n<span class=\"page-numbers dots\">&hellip;<\/span>\n<a class=\"page-numbers\" href=\"https:\/\/happy-tourist.it\/blog2\/wp-json\/wp\/v2\/pages\/50\/page\/5\/\">5<\/a>\n<a class=\"next page-numbers\" href=\"https:\/\/happy-tourist.it\/blog2\/wp-json\/wp\/v2\/pages\/50\/page\/2\/\">Prossimo \u00bb<\/a>\t\t\t<\/nav>\n\t\t\t\t\t\t<\/div>\n\t\t\n\t\t\n\t\t\t\t\t\t<\/div>\n\t\t\t\t<\/div>\n\t\t\t\t\t<\/div>\n\t\t\t\t<\/div>\n\t\t<div class=\"elementor-element elementor-element-486d850 e-flex e-con-boxed e-con e-parent\" data-id=\"486d850\" data-element_type=\"container\" data-e-type=\"container\" data-settings=\"{&quot;background_background&quot;:&quot;classic&quot;}\">\n\t\t\t\t\t<div class=\"e-con-inner\">\n\t\t<div class=\"elementor-element elementor-element-6f145ef e-con-full e-flex e-con e-child\" data-id=\"6f145ef\" data-element_type=\"container\" data-e-type=\"container\">\n\t\t\t\t<div class=\"elementor-element elementor-element-004adc4 elementor-widget elementor-widget-image\" data-id=\"004adc4\" data-element_type=\"widget\" data-e-type=\"widget\" data-widget_type=\"image.default\">\n\t\t\t\t<div class=\"elementor-widget-container\">\n\t\t\t\t\t\t\t\t\t\t\t\t\t\t\t<img loading=\"lazy\" decoding=\"async\" width=\"223\" height=\"49\" src=\"https:\/\/happy-tourist.it\/blog2\/wp-content\/uploads\/2024\/01\/logo-happy-tourist-b.png\" class=\"attachment-large size-large wp-image-107\" alt=\"\" \/>\t\t\t\t\t\t\t\t\t\t\t\t\t\t\t<\/div>\n\t\t\t\t<\/div>\n\t\t\t\t<\/div>\n\t\t<div class=\"elementor-element elementor-element-b099d3b e-con-full e-flex e-con e-child\" data-id=\"b099d3b\" data-element_type=\"container\" data-e-type=\"container\">\n\t\t\t\t<div class=\"elementor-element elementor-element-842bf26 elementor-shape-circle elementor-grid-0 e-grid-align-center elementor-widget elementor-widget-social-icons\" data-id=\"842bf26\" data-element_type=\"widget\" data-e-type=\"widget\" data-widget_type=\"social-icons.default\">\n\t\t\t\t<div class=\"elementor-widget-container\">\n\t\t\t\t\t\t\t<div class=\"elementor-social-icons-wrapper elementor-grid\" role=\"list\">\n\t\t\t\t\t\t\t<span class=\"elementor-grid-item\" role=\"listitem\">\n\t\t\t\t\t<a class=\"elementor-icon elementor-social-icon elementor-social-icon-facebook elementor-repeater-item-c1849c6\" href=\"https:\/\/www.facebook.com\/happytouristisoladelba\" target=\"_blank\">\n\t\t\t\t\t\t<span class=\"elementor-screen-only\">Facebook<\/span>\n\t\t\t\t\t\t<svg aria-hidden=\"true\" class=\"e-font-icon-svg e-fab-facebook\" viewBox=\"0 0 512 512\" xmlns=\"http:\/\/www.w3.org\/2000\/svg\"><path d=\"M504 256C504 119 393 8 256 8S8 119 8 256c0 123.78 90.69 226.38 209.25 245V327.69h-63V256h63v-54.64c0-62.15 37-96.48 93.67-96.48 27.14 0 55.52 4.84 55.52 4.84v61h-31.28c-30.8 0-40.41 19.12-40.41 38.73V256h68.78l-11 71.69h-57.78V501C413.31 482.38 504 379.78 504 256z\"><\/path><\/svg>\t\t\t\t\t<\/a>\n\t\t\t\t<\/span>\n\t\t\t\t\t\t\t<span class=\"elementor-grid-item\" role=\"listitem\">\n\t\t\t\t\t<a class=\"elementor-icon elementor-social-icon elementor-social-icon-instagram elementor-repeater-item-9800cdd\" href=\"https:\/\/www.instagram.com\/happytourist_elba\/\" target=\"_blank\">\n\t\t\t\t\t\t<span class=\"elementor-screen-only\">Instagram<\/span>\n\t\t\t\t\t\t<svg aria-hidden=\"true\" class=\"e-font-icon-svg e-fab-instagram\" viewBox=\"0 0 448 512\" xmlns=\"http:\/\/www.w3.org\/2000\/svg\"><path d=\"M224.1 141c-63.6 0-114.9 51.3-114.9 114.9s51.3 114.9 114.9 114.9S339 319.5 339 255.9 287.7 141 224.1 141zm0 189.6c-41.1 0-74.7-33.5-74.7-74.7s33.5-74.7 74.7-74.7 74.7 33.5 74.7 74.7-33.6 74.7-74.7 74.7zm146.4-194.3c0 14.9-12 26.8-26.8 26.8-14.9 0-26.8-12-26.8-26.8s12-26.8 26.8-26.8 26.8 12 26.8 26.8zm76.1 27.2c-1.7-35.9-9.9-67.7-36.2-93.9-26.2-26.2-58-34.4-93.9-36.2-37-2.1-147.9-2.1-184.9 0-35.8 1.7-67.6 9.9-93.9 36.1s-34.4 58-36.2 93.9c-2.1 37-2.1 147.9 0 184.9 1.7 35.9 9.9 67.7 36.2 93.9s58 34.4 93.9 36.2c37 2.1 147.9 2.1 184.9 0 35.9-1.7 67.7-9.9 93.9-36.2 26.2-26.2 34.4-58 36.2-93.9 2.1-37 2.1-147.8 0-184.8zM398.8 388c-7.8 19.6-22.9 34.7-42.6 42.6-29.5 11.7-99.5 9-132.1 9s-102.7 2.6-132.1-9c-19.6-7.8-34.7-22.9-42.6-42.6-11.7-29.5-9-99.5-9-132.1s-2.6-102.7 9-132.1c7.8-19.6 22.9-34.7 42.6-42.6 29.5-11.7 99.5-9 132.1-9s102.7-2.6 132.1 9c19.6 7.8 34.7 22.9 42.6 42.6 11.7 29.5 9 99.5 9 132.1s2.7 102.7-9 132.1z\"><\/path><\/svg>\t\t\t\t\t<\/a>\n\t\t\t\t<\/span>\n\t\t\t\t\t<\/div>\n\t\t\t\t\t\t<\/div>\n\t\t\t\t<\/div>\n\t\t\t\t<\/div>\n\t\t\t\t\t<\/div>\n\t\t\t\t<\/div>\n\t\t<div class=\"elementor-element elementor-element-74348fe e-flex e-con-boxed e-con e-parent\" data-id=\"74348fe\" data-element_type=\"container\" data-e-type=\"container\" data-settings=\"{&quot;background_background&quot;:&quot;classic&quot;}\">\n\t\t\t\t\t<div class=\"e-con-inner\">\n\t\t\t\t<div class=\"elementor-element elementor-element-ff34191 elementor-widget elementor-widget-text-editor\" data-id=\"ff34191\" data-element_type=\"widget\" data-e-type=\"widget\" data-widget_type=\"text-editor.default\">\n\t\t\t\t<div class=\"elementor-widget-container\">\n\t\t\t\t\t\t\t\t\t<p>Happy Tourist 2024. Tutti i diritti riservati | <a class=\"iubenda-black no-brand iubenda-noiframe iubenda-embed iubenda-noiframe \" style=\"color: white;\" title=\"Termini e Condizioni \" href=\"https:\/\/www.iubenda.com\/termini-e-condizioni\/84496936\">Termini e Condizioni<\/a>\u00a0|\u00a0<a class=\"iubenda-black no-brand iubenda-noiframe iubenda-embed iubenda-noiframe \" style=\"color: white;\" title=\"Privacy Policy \" href=\"https:\/\/www.iubenda.com\/privacy-policy\/84496936\">Privacy Policy<\/a>\u00a0|\u00a0<a class=\"iubenda-black no-brand iubenda-noiframe iubenda-embed iubenda-noiframe \" style=\"color: white;\" title=\"Cookie Policy \" href=\"https:\/\/www.iubenda.com\/privacy-policy\/84496936\/cookie-policy\">Cookie Policy<\/a><\/p>\t\t\t\t\t\t\t\t<\/div>\n\t\t\t\t<\/div>\n\t\t\t\t\t<\/div>\n\t\t\t\t<\/div>\n\t\t\t\t<\/div>\n\t\t","protected":false},"excerpt":{"rendered":"<p>Benvenuti nel blog Happy Tourist In questo blog troverai importanti consigli sull&#8217;Isola d&#8217;Elba. Ultimi post Quando visitare l&#8217;Isola d&#8217;Elba? Quando visitare l&#8217;Isola d&#8217;Elba? Ecco come scoprire il momento perfetto per esplorare l&#8217;incantevole Isola d&#8217;Elba, che affascina i visitatori con le sue spiagge da sogno, i paesaggi mozzafiato e la cultura ricca e vivace. Se state [&hellip;]<\/p>\n","protected":false},"author":1,"featured_media":0,"parent":0,"menu_order":0,"comment_status":"closed","ping_status":"closed","template":"elementor_canvas","meta":{"footnotes":""},"class_list":["post-50","page","type-page","status-publish","hentry"],"_links":{"self":[{"href":"https:\/\/happy-tourist.it\/blog2\/wp-json\/wp\/v2\/pages\/50","targetHints":{"allow":["GET"]}}],"collection":[{"href":"https:\/\/happy-tourist.it\/blog2\/wp-json\/wp\/v2\/pages"}],"about":[{"href":"https:\/\/happy-tourist.it\/blog2\/wp-json\/wp\/v2\/types\/page"}],"author":[{"embeddable":true,"href":"https:\/\/happy-tourist.it\/blog2\/wp-json\/wp\/v2\/users\/1"}],"replies":[{"embeddable":true,"href":"https:\/\/happy-tourist.it\/blog2\/wp-json\/wp\/v2\/comments?post=50"}],"version-history":[{"count":0,"href":"https:\/\/happy-tourist.it\/blog2\/wp-json\/wp\/v2\/pages\/50\/revisions"}],"wp:attachment":[{"href":"https:\/\/happy-tourist.it\/blog2\/wp-json\/wp\/v2\/media?parent=50"}],"curies":[{"name":"wp","href":"https:\/\/api.w.org\/{rel}","templated":true}]}}